{"id":6521,"date":"2018-03-09T17:53:36","date_gmt":"2018-03-09T16:53:36","guid":{"rendered":"http:\/\/wp.voluminica.com\/?page_id=6521"},"modified":"2026-02-26T11:33:31","modified_gmt":"2026-02-26T10:33:31","slug":"estudio-de-diseno-sobrescobio","status":"publish","type":"page","link":"https:\/\/www.voluminica.com\/en\/estudio-de-diseno-sobrescobio\/","title":{"rendered":"Contact"},"content":{"rendered":"<div id=\"fws_69f26520e61e1\"  data-column-margin=\"default\" data-midnight=\"light\" data-top-percent=\"8%\" data-bottom-percent=\"8%\"  class=\"wpb_row vc_row-fluid vc_row full-width-section vc_row-o-equal-height vc_row-flex vc_row-o-content-middle\"  style=\"padding-top: calc(100vw * 0.08); padding-bottom: calc(100vw * 0.08); \"><div class=\"row-bg-wrap\" data-bg-animation=\"none\" data-bg-animation-delay=\"\" data-bg-overlay=\"true\"><div class=\"inner-wrap row-bg-layer\" ><div class=\"row-bg viewport-desktop\"  style=\"\"><\/div><\/div><div class=\"row-bg-overlay row-bg-layer\" style=\"background-color:rgba(255,255,255,0.84);  opacity: 0.5; \"><\/div><\/div><div class=\"row_col_wrap_12 col span_12 light left\">\n\t<div  class=\"vc_col-sm-12 wpb_column column_container vc_column_container col no-extra-padding inherit_tablet inherit_phone\"  data-padding-pos=\"all\" data-has-bg-color=\"false\" data-bg-color=\"\" data-bg-opacity=\"1\" data-animation=\"\" data-delay=\"0\" >\n\t\t<div class=\"vc_column-inner\" >\n\t\t\t<div class=\"wpb_wrapper\">\n\t\t\t\t<div id=\"fws_69f26520e703f\" data-midnight=\"\" data-column-margin=\"default\" class=\"wpb_row vc_row-fluid vc_row inner_row\"  style=\"\"><div class=\"row-bg-wrap\"> <div class=\"row-bg\" ><\/div> <\/div><div class=\"row_col_wrap_12_inner col span_12  left\">\n\t<div  class=\"vc_col-sm-2 wpb_column column_container vc_column_container col child_column no-extra-padding inherit_tablet inherit_phone\"   data-padding-pos=\"all\" data-has-bg-color=\"false\" data-bg-color=\"\" data-bg-opacity=\"1\" data-animation=\"\" data-delay=\"0\" >\n\t\t<div class=\"vc_column-inner\" >\n\t\t<div class=\"wpb_wrapper\">\n\t\t\t\n\t\t<\/div> \n\t<\/div>\n\t<\/div> \n\n\t<div  class=\"vc_col-sm-8 wpb_column column_container vc_column_container col child_column centered-text padding-2-percent inherit_tablet inherit_phone\"   data-padding-pos=\"left-right\" data-has-bg-color=\"false\" data-bg-color=\"\" data-bg-opacity=\"1\" data-animation=\"\" data-delay=\"0\" >\n\t\t<div class=\"vc_column-inner\" >\n\t\t<div class=\"wpb_wrapper\">\n\t\t\t<h2 style=\"font-size: 52px;color: #000000;line-height: 52px;text-align: center\" class=\"vc_custom_heading tituloGrandeHome wpb_animate_when_almost_visible wpb_fadeInUp fadeInUp\" >Here is the beginning of a new journey<\/h2><div class=\"divider-wrap\" data-alignment=\"default\"><div style=\"height: 10px;\" class=\"divider\"><\/div><\/div><p style=\"color: rgba(0,0,0,0.7);text-align: center\" class=\"vc_custom_heading wpb_animate_when_almost_visible wpb_fadeInUp fadeInUp vc_custom_1520626340601\" >step forward<\/p>\n\t\t<\/div> \n\t<\/div>\n\t<\/div> \n\n\t<div  class=\"vc_col-sm-2 wpb_column column_container vc_column_container col child_column no-extra-padding inherit_tablet inherit_phone\"   data-padding-pos=\"all\" data-has-bg-color=\"false\" data-bg-color=\"\" data-bg-opacity=\"1\" data-animation=\"\" data-delay=\"0\" >\n\t\t<div class=\"vc_column-inner\" >\n\t\t<div class=\"wpb_wrapper\">\n\t\t\t\n\t\t<\/div> \n\t<\/div>\n\t<\/div> \n<\/div><\/div>\n\t\t\t<\/div> \n\t\t<\/div>\n\t<\/div> \n<\/div><\/div>\n\t\t<div id=\"fws_69f26520e8962\"  data-column-margin=\"default\" data-midnight=\"dark\" data-top-percent=\"10%\"  class=\"wpb_row vc_row-fluid vc_row full-width-section\"  style=\"padding-top: calc(100vw * 0.10); padding-bottom: 0px; \"><div class=\"row-bg-wrap\" data-bg-animation=\"none\" data-bg-animation-delay=\"\" data-bg-overlay=\"false\"><div class=\"inner-wrap row-bg-layer\" ><div class=\"row-bg viewport-desktop using-bg-color\"  style=\"background-color: #ffffff; \"><\/div><\/div><\/div><div class=\"row_col_wrap_12 col span_12 dark left\">\n\t<div  class=\"vc_col-sm-12 wpb_column column_container vc_column_container col no-extra-padding inherit_tablet inherit_phone\"  data-padding-pos=\"all\" data-has-bg-color=\"false\" data-bg-color=\"\" data-bg-opacity=\"1\" data-animation=\"\" data-delay=\"0\" >\n\t\t<div class=\"vc_column-inner\" >\n\t\t\t<div class=\"wpb_wrapper\">\n\t\t\t\t\n<div class=\"wpb_text_column wpb_content_element\" >\n\t<div class=\"wpb_wrapper\">\n\t\t<h5>Write to us.<\/h5>\n<p>If you have a startup and want to give the step-to-business, are you tired of typical advertising and want something different, if sustainability is a value for your business, you will change your office and want your clients to alucinen to come out or your employees work more comfortably and in a more healthy and efficient, if you love new technologies and believe that a more sustainable world is possible, write us already, tell us your idea and we will work together to design the best picture of your company than you can imagine.<\/p>\n\t<\/div>\n<\/div>\n\n\n\n\n\t\t\t<\/div> \n\t\t<\/div>\n\t<\/div> \n<\/div><\/div>\n\t\t<div id=\"fws_69f26520e93b9\"  data-column-margin=\"30px\" data-midnight=\"dark\" data-bottom-percent=\"5%\"  class=\"wpb_row vc_row-fluid vc_row full-width-section\"  style=\"padding-top: 0px; padding-bottom: calc(100vw * 0.05); \"><div class=\"row-bg-wrap\" data-bg-animation=\"none\" data-bg-animation-delay=\"\" data-bg-overlay=\"false\"><div class=\"inner-wrap row-bg-layer\" ><div class=\"row-bg viewport-desktop using-bg-color\"  style=\"background-color: #ffffff; \"><\/div><\/div><\/div><div class=\"row_col_wrap_12 col span_12 dark left\">\n\t<div  class=\"vc_col-sm-6 wpb_column column_container vc_column_container col no-extra-padding inherit_tablet inherit_phone\"  data-padding-pos=\"all\" data-has-bg-color=\"false\" data-bg-color=\"\" data-bg-opacity=\"1\" data-animation=\"\" data-delay=\"0\" >\n\t\t<div class=\"vc_column-inner\" >\n\t\t\t<div class=\"wpb_wrapper\">\n\t\t\t\t<div class=\"divider-wrap\" data-alignment=\"default\"><div style=\"height: 50px;\" class=\"divider\"><\/div><\/div>\n<div class=\"wpb_text_column wpb_content_element\" >\n\t<div class=\"wpb_wrapper\">\n\t\t<h5>Study design in Asturias<\/h5>\n\t<\/div>\n<\/div>\n\n\n\n<div class=\"divider-wrap\" data-alignment=\"default\"><div style=\"height: 50px;\" class=\"divider\"><\/div><\/div><div id=\"fws_69f26520e9c3a\" data-midnight=\"\" data-column-margin=\"default\" class=\"wpb_row vc_row-fluid vc_row inner_row\"  style=\"\"><div class=\"row-bg-wrap\"> <div class=\"row-bg\" ><\/div> <\/div><div class=\"row_col_wrap_12_inner col span_12  left\">\n\t<div  class=\"vc_col-sm-12 wpb_column column_container vc_column_container col child_column no-extra-padding inherit_tablet inherit_phone\"   data-padding-pos=\"all\" data-has-bg-color=\"false\" data-bg-color=\"\" data-bg-opacity=\"1\" data-animation=\"\" data-delay=\"0\" >\n\t\t<div class=\"vc_column-inner\" >\n\t\t<div class=\"wpb_wrapper\">\n\t\t\t\n<div class=\"wpb_text_column wpb_content_element\" >\n\t<div class=\"wpb_wrapper\">\n\t\t<h5>Sobrescobio<\/h5>\n<p>Rioseco 315<\/p>\n\t<\/div>\n<\/div>\n\n\n\n<div class=\"divider-wrap\" data-alignment=\"default\"><div style=\"height: 50px;\" class=\"divider\"><\/div><\/div>\n\t\t<\/div> \n\t<\/div>\n\t<\/div> \n<\/div><\/div>\n\t\t\t<\/div> \n\t\t<\/div>\n\t<\/div> \n\n\t<div  class=\"vc_col-sm-6 wpb_column column_container vc_column_container col padding-5-percent inherit_tablet inherit_phone\"  data-padding-pos=\"left-right\" data-has-bg-color=\"false\" data-bg-color=\"\" data-bg-opacity=\"1\" data-animation=\"\" data-delay=\"0\" >\n\t\t<div class=\"vc_column-inner\" >\n\t\t\t<div class=\"wpb_wrapper\">\n\t\t\t\t\n<div class=\"wpcf7 no-js\" id=\"wpcf7-f6-o1\" lang=\"es-ES\" dir=\"ltr\">\n<div class=\"screen-reader-response\"><p role=\"status\" aria-live=\"polite\" aria-atomic=\"true\"><\/p> <ul><\/ul><\/div>\n<form action=\"\/en\/wp-json\/wp\/v2\/pages\/6521#wpcf7-f6-o1\" method=\"post\" class=\"wpcf7-form init\" aria-label=\"Formulario de contacto\" novalidate=\"novalidate\" data-status=\"init\" data-trp-original-action=\"\/en\/wp-json\/wp\/v2\/pages\/6521#wpcf7-f6-o1\">\n<div style=\"display: none;\">\n<input type=\"hidden\" name=\"_wpcf7\" value=\"6\" \/>\n<input type=\"hidden\" name=\"_wpcf7_version\" value=\"5.7.7\" \/>\n<input type=\"hidden\" name=\"_wpcf7_locale\" value=\"es_ES\" \/>\n<input type=\"hidden\" name=\"_wpcf7_unit_tag\" value=\"wpcf7-f6-o1\" \/>\n<input type=\"hidden\" name=\"_wpcf7_container_post\" value=\"0\" \/>\n<input type=\"hidden\" name=\"_wpcf7_posted_data_hash\" value=\"\" \/>\n<input type=\"hidden\" name=\"_wpcf7_recaptcha_response\" value=\"\" \/>\n<\/div>\n<div>\n\t<div class=\"columnas2\">\n\t\t<p><label> Name *<br \/>\n<span class=\"wpcf7-form-control-wrap\" data-name=\"your-name\"><input size=\"40\" class=\"wpcf7-form-control wpcf7-text wpcf7-validates-as-required inputFormulario\" aria-required=\"true\" aria-invalid=\"false\" value=\"\" type=\"text\" name=\"your-name\" \/><\/span> <\/label>\n\t\t<\/p>\n\t<\/div>\n\t<div class=\"columnas2\">\n\t\t<p><label> Email *<br \/>\n<span class=\"wpcf7-form-control-wrap\" data-name=\"your-email\"><input size=\"40\" class=\"wpcf7-form-control wpcf7-text wpcf7-email wpcf7-validates-as-required wpcf7-validates-as-email inputFormulario\" aria-required=\"true\" aria-invalid=\"false\" value=\"\" type=\"email\" name=\"your-email\" \/><\/span> <\/label>\n\t\t<\/p>\n\t<\/div>\n\t<p><label> Subject<br \/>\n<span class=\"wpcf7-form-control-wrap\" data-name=\"your-subject\"><input size=\"40\" class=\"wpcf7-form-control wpcf7-text inputFormulario\" aria-invalid=\"false\" value=\"\" type=\"text\" name=\"your-subject\" \/><\/span> <\/label><br \/>\n<label> Message<br \/>\n<span class=\"wpcf7-form-control-wrap\" data-name=\"your-message\"><textarea cols=\"25\" rows=\"8\" class=\"wpcf7-form-control wpcf7-textarea\" aria-invalid=\"false\" name=\"your-message\"><\/textarea><\/span> <\/label>\n\t<\/p>\n<\/div>\n<p><input class=\"wpcf7-form-control has-spinner wpcf7-submit\" type=\"submit\" value=\"Send\" \/>\n<\/p>\n<p><span class=\"wpcf7-form-control-wrap\" data-name=\"acceptance-366\"><span class=\"wpcf7-form-control wpcf7-acceptance\"><span class=\"wpcf7-list-item\"><label><input type=\"checkbox\" name=\"acceptance-366\" value=\"1\" aria-invalid=\"false\" \/><span class=\"wpcf7-list-item-label\">I have read and accept the <a href=\"http:\/\/www.voluminica.com\/en\/Privacidad\/\" style=\"text-decoration:underline;\">privacy policy<\/a><\/span><\/label><\/span><\/span><\/span>\n<\/p><p style=\"display: none !important;\" class=\"akismet-fields-container\" data-prefix=\"_wpcf7_ak_\"><label>&#916;<textarea name=\"_wpcf7_ak_hp_textarea\" cols=\"45\" rows=\"8\" maxlength=\"100\"><\/textarea><\/label><input type=\"hidden\" id=\"ak_js_1\" name=\"_wpcf7_ak_js\" value=\"148\"\/><script type=\"text\/javascript\">\ndocument.getElementById( \"ak_js_1\" ).setAttribute( \"value\", ( new Date() ).getTime() );\n<\/script>\n<\/p><div class=\"wpcf7-response-output\" aria-hidden=\"true\"><\/div>\n<input type=\"hidden\" name=\"trp-form-language\" value=\"en\"\/><\/form>\n<\/div>\n\n\t\t\t<\/div> \n\t\t<\/div>\n\t<\/div> \n<\/div><\/div>","protected":false},"excerpt":{"rendered":"Aqu\u00ed empieza un nuevo caminoda un paso adelante Escr\u00edbenos. Si tienes una startup tecnol\u00f3gica que quiere dar el paso a empresa, estas cansado de la t\u00edpica publicidad y quieres algo...","protected":false},"author":1,"featured_media":0,"parent":0,"menu_order":0,"comment_status":"closed","ping_status":"closed","template":"","meta":{"_exactmetrics_skip_tracking":false,"_exactmetrics_sitenote_active":false,"_exactmetrics_sitenote_note":"","_exactmetrics_sitenote_category":0},"yoast_head":"<!-- This site is optimized with the Yoast SEO plugin v21.1 - https:\/\/yoast.com\/wordpress\/plugins\/seo\/ -->\n<title>Contacto - Voluminica\u00ae<\/title>\n<meta name=\"description\" content=\"Contacta con Volum\u00ednica, estudio de dise\u00f1o y arquitectura en Asturias.\" \/>\n<meta name=\"robots\" content=\"index, follow, max-snippet:-1, max-image-preview:large, max-video-preview:-1\" \/>\n<link rel=\"canonical\" href=\"https:\/\/www.voluminica.com\/en\/estudio-de-diseno-sobrescobio\/\" \/>\n<meta property=\"og:locale\" content=\"en_GB\" \/>\n<meta property=\"og:type\" content=\"article\" \/>\n<meta property=\"og:title\" content=\"Contacto - Voluminica\u00ae\" \/>\n<meta property=\"og:description\" content=\"Contacta con Volum\u00ednica, estudio de dise\u00f1o y arquitectura en Asturias.\" \/>\n<meta property=\"og:url\" content=\"https:\/\/www.voluminica.com\/en\/estudio-de-diseno-sobrescobio\/\" \/>\n<meta property=\"og:site_name\" content=\"Voluminica\u00ae\" \/>\n<meta property=\"article:publisher\" content=\"https:\/\/www.facebook.com\/Voluminica\/\" \/>\n<meta property=\"article:modified_time\" content=\"2026-02-26T10:33:31+00:00\" \/>\n<meta name=\"twitter:card\" content=\"summary_large_image\" \/>\n<meta name=\"twitter:site\" content=\"@voluminica\" \/>\n<meta name=\"twitter:label1\" content=\"Estimated reading time\" \/>\n\t<meta name=\"twitter:data1\" content=\"2 minutes\" \/>\n<script type=\"application\/ld+json\" class=\"yoast-schema-graph\">{\"@context\":\"https:\/\/schema.org\",\"@graph\":[{\"@type\":\"WebPage\",\"@id\":\"https:\/\/www.voluminica.com\/estudio-de-diseno-sobrescobio\/\",\"url\":\"https:\/\/www.voluminica.com\/estudio-de-diseno-sobrescobio\/\",\"name\":\"Contacto - Voluminica\u00ae\",\"isPartOf\":{\"@id\":\"https:\/\/www.voluminica.com\/#website\"},\"datePublished\":\"2018-03-09T16:53:36+00:00\",\"dateModified\":\"2026-02-26T10:33:31+00:00\",\"description\":\"Contacta con Volum\u00ednica, estudio de dise\u00f1o y arquitectura en Asturias.\",\"breadcrumb\":{\"@id\":\"https:\/\/www.voluminica.com\/estudio-de-diseno-sobrescobio\/#breadcrumb\"},\"inLanguage\":\"en-GB\",\"potentialAction\":[{\"@type\":\"ReadAction\",\"target\":[\"https:\/\/www.voluminica.com\/estudio-de-diseno-sobrescobio\/\"]}]},{\"@type\":\"BreadcrumbList\",\"@id\":\"https:\/\/www.voluminica.com\/estudio-de-diseno-sobrescobio\/#breadcrumb\",\"itemListElement\":[{\"@type\":\"ListItem\",\"position\":1,\"name\":\"Portada\",\"item\":\"https:\/\/www.voluminica.com\/\"},{\"@type\":\"ListItem\",\"position\":2,\"name\":\"Contacto\"}]},{\"@type\":\"WebSite\",\"@id\":\"https:\/\/www.voluminica.com\/#website\",\"url\":\"https:\/\/www.voluminica.com\/\",\"name\":\"Voluminica\u00ae\",\"description\":\"Laboratorio de arquitectura y dise\u00f1o audiovisual\",\"publisher\":{\"@id\":\"https:\/\/www.voluminica.com\/#organization\"},\"potentialAction\":[{\"@type\":\"SearchAction\",\"target\":{\"@type\":\"EntryPoint\",\"urlTemplate\":\"https:\/\/www.voluminica.com\/?s={search_term_string}\"},\"query-input\":\"required name=search_term_string\"}],\"inLanguage\":\"en-GB\"},{\"@type\":\"Organization\",\"@id\":\"https:\/\/www.voluminica.com\/#organization\",\"name\":\"Volum\u00ednica\",\"url\":\"https:\/\/www.voluminica.com\/\",\"logo\":{\"@type\":\"ImageObject\",\"inLanguage\":\"en-GB\",\"@id\":\"https:\/\/www.voluminica.com\/#\/schema\/logo\/image\/\",\"url\":\"https:\/\/www.voluminica.com\/wp-content\/uploads\/2018\/07\/LogoVoluminica4.png\",\"contentUrl\":\"https:\/\/www.voluminica.com\/wp-content\/uploads\/2018\/07\/LogoVoluminica4.png\",\"width\":600,\"height\":71,\"caption\":\"Volum\u00ednica\"},\"image\":{\"@id\":\"https:\/\/www.voluminica.com\/#\/schema\/logo\/image\/\"},\"sameAs\":[\"https:\/\/www.facebook.com\/Voluminica\/\",\"https:\/\/twitter.com\/voluminica\",\"https:\/\/www.instagram.com\/voluminica\/\",\"https:\/\/www.linkedin.com\/company\/voluminica\/\"]}]}<\/script>\n<!-- \/ Yoast SEO plugin. -->","yoast_head_json":{"title":"Contacto - Voluminica\u00ae","description":"Contacta con Volum\u00ednica, estudio de dise\u00f1o y arquitectura en Asturias.","robots":{"index":"index","follow":"follow","max-snippet":"max-snippet:-1","max-image-preview":"max-image-preview:large","max-video-preview":"max-video-preview:-1"},"canonical":"https:\/\/www.voluminica.com\/en\/estudio-de-diseno-sobrescobio\/","og_locale":"en_GB","og_type":"article","og_title":"Contacto - Voluminica\u00ae","og_description":"Contacta con Volum\u00ednica, estudio de dise\u00f1o y arquitectura en Asturias.","og_url":"https:\/\/www.voluminica.com\/en\/estudio-de-diseno-sobrescobio\/","og_site_name":"Voluminica\u00ae","article_publisher":"https:\/\/www.facebook.com\/Voluminica\/","article_modified_time":"2026-02-26T10:33:31+00:00","twitter_card":"summary_large_image","twitter_site":"@voluminica","twitter_misc":{"Estimated reading time":"2 minutes"},"schema":{"@context":"https:\/\/schema.org","@graph":[{"@type":"WebPage","@id":"https:\/\/www.voluminica.com\/estudio-de-diseno-sobrescobio\/","url":"https:\/\/www.voluminica.com\/estudio-de-diseno-sobrescobio\/","name":"Contacto - Voluminica\u00ae","isPartOf":{"@id":"https:\/\/www.voluminica.com\/#website"},"datePublished":"2018-03-09T16:53:36+00:00","dateModified":"2026-02-26T10:33:31+00:00","description":"Contacta con Volum\u00ednica, estudio de dise\u00f1o y arquitectura en Asturias.","breadcrumb":{"@id":"https:\/\/www.voluminica.com\/estudio-de-diseno-sobrescobio\/#breadcrumb"},"inLanguage":"en-GB","potentialAction":[{"@type":"ReadAction","target":["https:\/\/www.voluminica.com\/estudio-de-diseno-sobrescobio\/"]}]},{"@type":"BreadcrumbList","@id":"https:\/\/www.voluminica.com\/estudio-de-diseno-sobrescobio\/#breadcrumb","itemListElement":[{"@type":"ListItem","position":1,"name":"Portada","item":"https:\/\/www.voluminica.com\/"},{"@type":"ListItem","position":2,"name":"Contacto"}]},{"@type":"WebSite","@id":"https:\/\/www.voluminica.com\/#website","url":"https:\/\/www.voluminica.com\/","name":"Voluminica\u00ae","description":"Laboratorio de arquitectura y dise\u00f1o audiovisual","publisher":{"@id":"https:\/\/www.voluminica.com\/#organization"},"potentialAction":[{"@type":"SearchAction","target":{"@type":"EntryPoint","urlTemplate":"https:\/\/www.voluminica.com\/?s={search_term_string}"},"query-input":"required name=search_term_string"}],"inLanguage":"en-GB"},{"@type":"Organization","@id":"https:\/\/www.voluminica.com\/#organization","name":"Volum\u00ednica","url":"https:\/\/www.voluminica.com\/","logo":{"@type":"ImageObject","inLanguage":"en-GB","@id":"https:\/\/www.voluminica.com\/#\/schema\/logo\/image\/","url":"https:\/\/www.voluminica.com\/wp-content\/uploads\/2018\/07\/LogoVoluminica4.png","contentUrl":"https:\/\/www.voluminica.com\/wp-content\/uploads\/2018\/07\/LogoVoluminica4.png","width":600,"height":71,"caption":"Volum\u00ednica"},"image":{"@id":"https:\/\/www.voluminica.com\/#\/schema\/logo\/image\/"},"sameAs":["https:\/\/www.facebook.com\/Voluminica\/","https:\/\/twitter.com\/voluminica","https:\/\/www.instagram.com\/voluminica\/","https:\/\/www.linkedin.com\/company\/voluminica\/"]}]}},"_links":{"self":[{"href":"https:\/\/www.voluminica.com\/en\/wp-json\/wp\/v2\/pages\/6521"}],"collection":[{"href":"https:\/\/www.voluminica.com\/en\/wp-json\/wp\/v2\/pages"}],"about":[{"href":"https:\/\/www.voluminica.com\/en\/wp-json\/wp\/v2\/types\/page"}],"author":[{"embeddable":true,"href":"https:\/\/www.voluminica.com\/en\/wp-json\/wp\/v2\/users\/1"}],"replies":[{"embeddable":true,"href":"https:\/\/www.voluminica.com\/en\/wp-json\/wp\/v2\/comments?post=6521"}],"version-history":[{"count":63,"href":"https:\/\/www.voluminica.com\/en\/wp-json\/wp\/v2\/pages\/6521\/revisions"}],"predecessor-version":[{"id":10083,"href":"https:\/\/www.voluminica.com\/en\/wp-json\/wp\/v2\/pages\/6521\/revisions\/10083"}],"wp:attachment":[{"href":"https:\/\/www.voluminica.com\/en\/wp-json\/wp\/v2\/media?parent=6521"}],"curies":[{"name":"wp","href":"https:\/\/api.w.org\/{rel}","templated":true}]}}