{"id":9382,"date":"2020-11-15T13:35:55","date_gmt":"2020-11-15T12:35:55","guid":{"rendered":"http:\/\/www.voluminica.com\/?page_id=9382"},"modified":"2026-02-26T11:37:55","modified_gmt":"2026-02-26T10:37:55","slug":"estudio-de-publicidad","status":"publish","type":"page","link":"https:\/\/www.voluminica.com\/en\/estudio-de-publicidad\/","title":{"rendered":"The Study"},"content":{"rendered":"<div id=\"fws_69d163cba08d8\"  data-column-margin=\"default\" data-midnight=\"dark\" data-top-percent=\"8%\" data-bottom-percent=\"10%\"  class=\"wpb_row vc_row-fluid vc_row full-width-section vc_row-o-equal-height vc_row-flex vc_row-o-content-middle\"  style=\"padding-top: calc(100vw * 0.08); padding-bottom: calc(100vw * 0.10); \"><div class=\"row-bg-wrap\" data-bg-animation=\"none\" data-bg-animation-delay=\"\" data-bg-overlay=\"true\"><div class=\"inner-wrap row-bg-layer\" ><div class=\"row-bg viewport-desktop using-bg-color\"  style=\"background-color: #f9f9f9; \"><\/div><\/div><div class=\"row-bg-overlay row-bg-layer\" style=\"background-color:rgba(255,255,255,0.84);  opacity: 0.5; \"><\/div><\/div><div class=\"row_col_wrap_12 col span_12 dark left\">\n\t<div  class=\"vc_col-sm-12 wpb_column column_container vc_column_container col no-extra-padding inherit_tablet inherit_phone\"  data-padding-pos=\"all\" data-has-bg-color=\"false\" data-bg-color=\"\" data-bg-opacity=\"1\" data-animation=\"\" data-delay=\"0\" >\n\t\t<div class=\"vc_column-inner\" >\n\t\t\t<div class=\"wpb_wrapper\">\n\t\t\t\t<div id=\"fws_69d163cba1262\" data-midnight=\"\" data-column-margin=\"default\" class=\"wpb_row vc_row-fluid vc_row inner_row\"  style=\"\"><div class=\"row-bg-wrap\"> <div class=\"row-bg\" ><\/div> <\/div><div class=\"row_col_wrap_12_inner col span_12  left\">\n\t<div  class=\"vc_col-sm-2 wpb_column column_container vc_column_container col child_column no-extra-padding inherit_tablet inherit_phone\"   data-padding-pos=\"all\" data-has-bg-color=\"false\" data-bg-color=\"\" data-bg-opacity=\"1\" data-animation=\"\" data-delay=\"0\" >\n\t\t<div class=\"vc_column-inner\" >\n\t\t<div class=\"wpb_wrapper\">\n\t\t\t\n\t\t<\/div> \n\t<\/div>\n\t<\/div> \n\n\t<div  class=\"vc_col-sm-8 wpb_column column_container vc_column_container col child_column centered-text no-extra-padding inherit_tablet inherit_phone\"   data-padding-pos=\"left-right\" data-has-bg-color=\"false\" data-bg-color=\"\" data-bg-opacity=\"1\" data-animation=\"\" data-delay=\"0\" >\n\t\t<div class=\"vc_column-inner\" >\n\t\t<div class=\"wpb_wrapper\">\n\t\t\t<h2 style=\"font-size: 52px;line-height: 52px;text-align: center\" class=\"vc_custom_heading h2Home wpb_animate_when_almost_visible wpb_fadeInUp fadeInUp\" >We are a laboratory<\/h2><div class=\"divider-wrap\" data-alignment=\"default\"><div style=\"height: 10px;\" class=\"divider\"><\/div><\/div><p style=\"color: rgba(0,0,0,0.7);text-align: center\" class=\"vc_custom_heading wpb_animate_when_almost_visible wpb_fadeInUp fadeInUp vc_custom_1606068292555\" >Because we like to experiment, try new things, step out of the norm, and our customers also.<br \/>\nWe develop projects of innovation for innovative companies, we use the imagination and the new technologies with the aim of achieving-edge solutions. We are interested in the use of parametric design, we are inspired by nature and we encourage the circular economy.<br \/>\nWe have an interdisciplinary group of independent experts that cover all the disciplines of graphic design and architecture.<\/p>\n\t\t<\/div> \n\t<\/div>\n\t<\/div> \n\n\t<div  class=\"vc_col-sm-2 wpb_column column_container vc_column_container col child_column no-extra-padding inherit_tablet inherit_phone\"   data-padding-pos=\"all\" data-has-bg-color=\"false\" data-bg-color=\"\" data-bg-opacity=\"1\" data-animation=\"\" data-delay=\"0\" >\n\t\t<div class=\"vc_column-inner\" >\n\t\t<div class=\"wpb_wrapper\">\n\t\t\t\n\t\t<\/div> \n\t<\/div>\n\t<\/div> \n<\/div><\/div>\n\t\t\t<\/div> \n\t\t<\/div>\n\t<\/div> \n<\/div><\/div>\n\t\t<div id=\"team\"  data-column-margin=\"70px\" data-midnight=\"dark\" data-bottom-percent=\"10%\"  class=\"wpb_row vc_row-fluid vc_row full-width-section filaEquipoFoto\"  style=\"padding-top: 0px; padding-bottom: calc(100vw * 0.10); \"><div class=\"row-bg-wrap\" data-bg-animation=\"none\" data-bg-animation-delay=\"\" data-bg-overlay=\"false\"><div class=\"inner-wrap row-bg-layer\" ><div class=\"row-bg viewport-desktop using-bg-color\"  style=\"background-color: #fcfcfc; \"><\/div><\/div><\/div><div class=\"row_col_wrap_12 col span_12 dark left\">\n\t<div  class=\"vc_col-sm-6 wpb_column column_container vc_column_container col no-extra-padding inherit_tablet inherit_phone\"  data-padding-pos=\"all\" data-has-bg-color=\"false\" data-bg-color=\"\" data-bg-opacity=\"1\" data-animation=\"\" data-delay=\"0\" >\n\t\t<div class=\"vc_column-inner\" >\n\t\t\t<div class=\"wpb_wrapper\">\n\t\t\t\t<div class=\"img-with-aniamtion-wrap\" data-max-width=\"100%\" data-max-width-mobile=\"default\" data-shadow=\"none\" data-animation=\"none\" >\n      <div class=\"inner\">\n        <div class=\"hover-wrap\"> \n          <div class=\"hover-wrap-inner\">\n            <img class=\"img-with-animation skip-lazy\" data-delay=\"0\" height=\"1703\" width=\"2560\" data-animation=\"none\" src=\"https:\/\/www.voluminica.com\/wp-content\/uploads\/2026\/02\/Retrato_bioplstico-scaled.jpg\" alt=\"\" srcset=\"https:\/\/www.voluminica.com\/wp-content\/uploads\/2026\/02\/Retrato_bioplstico-scaled.jpg 2560w, https:\/\/www.voluminica.com\/wp-content\/uploads\/2026\/02\/Retrato_bioplstico-300x200.jpg 300w, https:\/\/www.voluminica.com\/wp-content\/uploads\/2026\/02\/Retrato_bioplstico-1024x681.jpg 1024w, https:\/\/www.voluminica.com\/wp-content\/uploads\/2026\/02\/Retrato_bioplstico-768x511.jpg 768w, https:\/\/www.voluminica.com\/wp-content\/uploads\/2026\/02\/Retrato_bioplstico-1536x1022.jpg 1536w, https:\/\/www.voluminica.com\/wp-content\/uploads\/2026\/02\/Retrato_bioplstico-2048x1362.jpg 2048w, https:\/\/www.voluminica.com\/wp-content\/uploads\/2026\/02\/Retrato_bioplstico-18x12.jpg 18w, https:\/\/www.voluminica.com\/wp-content\/uploads\/2026\/02\/Retrato_bioplstico-900x600.jpg 900w\" sizes=\"(max-width: 2560px) 100vw, 2560px\" \/>\n          <\/div>\n        <\/div>\n      <\/div>\n    <\/div>\n\t\t\t<\/div> \n\t\t<\/div>\n\t<\/div> \n\n\t<div  class=\"vc_col-sm-6 wpb_column column_container vc_column_container col no-extra-padding inherit_tablet inherit_phone\"  data-padding-pos=\"all\" data-has-bg-color=\"false\" data-bg-color=\"\" data-bg-opacity=\"1\" data-animation=\"\" data-delay=\"0\" >\n\t\t<div class=\"vc_column-inner\" >\n\t\t\t<div class=\"wpb_wrapper\">\n\t\t\t\t\n<div class=\"wpb_text_column wpb_content_element\" >\n\t<div class=\"wpb_wrapper\">\n\t\t<p><strong>Manuel Persa, Director creativo.<\/strong><\/p>\n<p>Specialist in brand design and strategy concept with a focus on design solutions ahead of their time and sustainable.<br \/>\nManuel Persian works as an art director, animator, and graphic designer in projects of corporate image, animation for video clips and events, interaction design and user experience.<br \/>\nIs a graduate of the Escuela Superior de Arte del Principado de Asturias, ESAPA, and a Master&#039;s degree in Multimedia presentations by the Escola Superior de Disseny i Enginyeria de Barcelona, ELISAVA.<br \/>\nEs creador del proyecto <a href=\"https:\/\/arbio.art\/\">www.arbio.art<\/a> donde trabaja en la fabricaci\u00f3n de materiales a partir de residuos agroalimentarios para crear piezas de dise\u00f1o y artesan\u00eda contempor\u00e1nea.<\/p>\n\t<\/div>\n<\/div>\n\n\n\n<div id=\"fws_69d163cba3bc5\" data-midnight=\"\" data-column-margin=\"default\" class=\"wpb_row vc_row-fluid vc_row inner_row\"  style=\"\"><div class=\"row-bg-wrap\"> <div class=\"row-bg\" ><\/div> <\/div><div class=\"row_col_wrap_12_inner col span_12  left\">\n\t<div  class=\"vc_col-sm-12 wpb_column column_container vc_column_container col child_column no-extra-padding inherit_tablet inherit_phone\"   data-padding-pos=\"all\" data-has-bg-color=\"false\" data-bg-color=\"\" data-bg-opacity=\"1\" data-animation=\"\" data-delay=\"0\" >\n\t\t<div class=\"vc_column-inner\" >\n\t\t<div class=\"wpb_wrapper\">\n\t\t\t\n\t\t<\/div> \n\t<\/div>\n\t<\/div> \n<\/div><\/div>\n\t\t\t<\/div> \n\t\t<\/div>\n\t<\/div> \n<\/div><\/div>\n\t\t<div id=\"fws_69d163cba4400\"  data-column-margin=\"default\" data-midnight=\"dark\" data-bottom-percent=\"6%\"  class=\"wpb_row vc_row-fluid vc_row full-width-section\"  style=\"padding-top: 0px; padding-bottom: calc(100vw * 0.06); \"><div class=\"row-bg-wrap\" data-bg-animation=\"none\" data-bg-animation-delay=\"\" data-bg-overlay=\"false\"><div class=\"inner-wrap row-bg-layer\" ><div class=\"row-bg viewport-desktop using-bg-color\"  style=\"background-color: #fcfcfc; \"><\/div><\/div><\/div><div class=\"row_col_wrap_12 col span_12 dark left\">\n\t<div  class=\"vc_col-sm-3 wpb_column column_container vc_column_container col centered-text no-extra-padding force-desktop-text-align-center inherit_tablet inherit_phone\"  data-padding-pos=\"all\" data-has-bg-color=\"false\" data-bg-color=\"\" data-bg-opacity=\"1\" data-animation=\"\" data-delay=\"0\" >\n\t\t<div class=\"vc_column-inner\" >\n\t\t\t<div class=\"wpb_wrapper\">\n\t\t\t\t\n\t\t\t<\/div> \n\t\t<\/div>\n\t<\/div> \n\n\t<div  class=\"vc_col-sm-6 wpb_column column_container vc_column_container col no-extra-padding inherit_tablet inherit_phone\"  data-padding-pos=\"all\" data-has-bg-color=\"false\" data-bg-color=\"\" data-bg-opacity=\"1\" data-animation=\"\" data-delay=\"0\" >\n\t\t<div class=\"vc_column-inner\" >\n\t\t\t<div class=\"wpb_wrapper\">\n\t\t\t\t<div class=\"img-with-aniamtion-wrap\" data-max-width=\"100%\" data-max-width-mobile=\"default\" data-shadow=\"none\" data-animation=\"fade-in\" >\n      <div class=\"inner\">\n        <div class=\"hover-wrap\"> \n          <div class=\"hover-wrap-inner\">\n            <img class=\"img-with-animation skip-lazy\" data-delay=\"0\" height=\"675\" width=\"1200\" data-animation=\"fade-in\" src=\"https:\/\/www.voluminica.com\/wp-content\/uploads\/2018\/06\/7dfc8340684001.57bc3f281011d.gif\" alt=\"\"  \/>\n          <\/div>\n        <\/div>\n      <\/div>\n    <\/div>\n\t\t\t<\/div> \n\t\t<\/div>\n\t<\/div> \n\n\t<div  class=\"vc_col-sm-3 wpb_column column_container vc_column_container col no-extra-padding inherit_tablet inherit_phone\"  data-padding-pos=\"all\" data-has-bg-color=\"false\" data-bg-color=\"\" data-bg-opacity=\"1\" data-animation=\"\" data-delay=\"0\" >\n\t\t<div class=\"vc_column-inner\" >\n\t\t\t<div class=\"wpb_wrapper\">\n\t\t\t\t\n\t\t\t<\/div> \n\t\t<\/div>\n\t<\/div> \n<\/div><\/div>\n\t\t<div id=\"fws_69d163cba5795\"  data-column-margin=\"default\" data-midnight=\"light\" data-top-percent=\"7%\" data-bottom-percent=\"6%\"  class=\"wpb_row vc_row-fluid vc_row full-width-section vc_row-o-equal-height vc_row-flex vc_row-o-content-middle\"  style=\"padding-top: calc(100vw * 0.07); padding-bottom: calc(100vw * 0.06); \"><div class=\"row-bg-wrap\" data-bg-animation=\"none\" data-bg-animation-delay=\"\" data-bg-overlay=\"true\"><div class=\"inner-wrap row-bg-layer\" ><div class=\"row-bg viewport-desktop using-bg-color\"  style=\"background-color: #0a0a0a; \"><\/div><\/div><div class=\"row-bg-overlay row-bg-layer\" style=\"background-color:#0a0a0a;  opacity: 0.8; \"><\/div><\/div><div class=\"row_col_wrap_12 col span_12 light left\">\n\t<div  class=\"vc_col-sm-12 wpb_column column_container vc_column_container col no-extra-padding inherit_tablet inherit_phone\"  data-padding-pos=\"all\" data-has-bg-color=\"false\" data-bg-color=\"\" data-bg-opacity=\"1\" data-animation=\"\" data-delay=\"0\" >\n\t\t<div class=\"vc_column-inner\" >\n\t\t\t<div class=\"wpb_wrapper\">\n\t\t\t\t<div id=\"fws_69d163cba5da2\" data-midnight=\"\" data-column-margin=\"default\" class=\"wpb_row vc_row-fluid vc_row inner_row\"  style=\"\"><div class=\"row-bg-wrap\"> <div class=\"row-bg\" ><\/div> <\/div><div class=\"row_col_wrap_12_inner col span_12  left\">\n\t<div  class=\"vc_col-sm-3 wpb_column column_container vc_column_container col child_column no-extra-padding inherit_tablet inherit_phone\"   data-padding-pos=\"all\" data-has-bg-color=\"false\" data-bg-color=\"\" data-bg-opacity=\"1\" data-animation=\"\" data-delay=\"0\" >\n\t\t<div class=\"vc_column-inner\" >\n\t\t<div class=\"wpb_wrapper\">\n\t\t\t\n\t\t<\/div> \n\t<\/div>\n\t<\/div> \n\n\t<div  class=\"vc_col-sm-6 wpb_column column_container vc_column_container col child_column centered-text no-extra-padding inherit_tablet inherit_phone\"   data-padding-pos=\"left-right\" data-has-bg-color=\"false\" data-bg-color=\"\" data-bg-opacity=\"1\" data-animation=\"\" data-delay=\"0\" >\n\t\t<div class=\"vc_column-inner\" >\n\t\t<div class=\"wpb_wrapper\">\n\t\t\t<h2 style=\"font-size: 52px;line-height: 52px;text-align: center\" class=\"vc_custom_heading h2Home wpb_animate_when_almost_visible wpb_fadeInUp fadeInUp\" >The time has come to change<\/h2><div class=\"divider-wrap\" data-alignment=\"default\"><div style=\"height: 10px;\" class=\"divider\"><\/div><\/div><p style=\"color: rgba(255,255,255,0.7);text-align: center\" class=\"vc_custom_heading wpb_animate_when_almost_visible wpb_fadeInUp fadeInUp vc_custom_1520622514043\" >Get in touch with us to know more<\/p><a class=\"nectar-button jumbo see-through-2  has-icon wpb_animate_when_almost_visible wpb_zoomIn zoomIn bntContactar\"  style=\"border-color: #ffffff; color: #ffffff;\"  href=\"https:\/\/www.voluminica.com\/en\/estudio-de-diseno-sobrescobio\/\" data-color-override=\"#ffffff\" data-hover-color-override=\"false\" data-hover-text-color-override=\"#ffffff\"><span>Contact<\/span><i  class=\"icon-button-arrow\"><\/i><\/a>\n\t\t<\/div> \n\t<\/div>\n\t<\/div> \n\n\t<div  class=\"vc_col-sm-3 wpb_column column_container vc_column_container col child_column no-extra-padding inherit_tablet inherit_phone\"   data-padding-pos=\"all\" data-has-bg-color=\"false\" data-bg-color=\"\" data-bg-opacity=\"1\" data-animation=\"\" data-delay=\"0\" >\n\t\t<div class=\"vc_column-inner\" >\n\t\t<div class=\"wpb_wrapper\">\n\t\t\t\n\t\t<\/div> \n\t<\/div>\n\t<\/div> \n<\/div><\/div>\n\t\t\t<\/div> \n\t\t<\/div>\n\t<\/div> \n<\/div><\/div>","protected":false},"excerpt":{"rendered":"Somos un laboratorioPorque nos gusta experimentar, probar cosas nuevas, salirnos de la norma, y a nuestros clientes tambi\u00e9n. Desarrollamos proyectos de innovaci\u00f3n para empresas innovadoras, usamos la imaginaci\u00f3n y las...","protected":false},"author":1,"featured_media":0,"parent":0,"menu_order":0,"comment_status":"closed","ping_status":"closed","template":"","meta":{"_exactmetrics_skip_tracking":false,"_exactmetrics_sitenote_active":false,"_exactmetrics_sitenote_note":"","_exactmetrics_sitenote_category":0},"yoast_head":"<!-- This site is optimized with the Yoast SEO plugin v21.1 - https:\/\/yoast.com\/wordpress\/plugins\/seo\/ -->\n<title>El Estudio - Voluminica\u00ae<\/title>\n<meta name=\"description\" content=\"Desarrollamos proyectos de innovaci\u00f3n para empresas innovadoras, usamos la imaginaci\u00f3n y las nuevas tecnolog\u00edas con el objetivo de lograr soluciones vanguardistas.\" \/>\n<meta name=\"robots\" content=\"index, follow, max-snippet:-1, max-image-preview:large, max-video-preview:-1\" \/>\n<link rel=\"canonical\" href=\"https:\/\/www.voluminica.com\/en\/estudio-de-publicidad\/\" \/>\n<meta property=\"og:locale\" content=\"en_GB\" \/>\n<meta property=\"og:type\" content=\"article\" \/>\n<meta property=\"og:title\" content=\"El Estudio - Voluminica\u00ae\" \/>\n<meta property=\"og:description\" content=\"Desarrollamos proyectos de innovaci\u00f3n para empresas innovadoras, usamos la imaginaci\u00f3n y las nuevas tecnolog\u00edas con el objetivo de lograr soluciones vanguardistas.\" \/>\n<meta property=\"og:url\" content=\"https:\/\/www.voluminica.com\/en\/estudio-de-publicidad\/\" \/>\n<meta property=\"og:site_name\" content=\"Voluminica\u00ae\" \/>\n<meta property=\"article:publisher\" content=\"https:\/\/www.facebook.com\/Voluminica\/\" \/>\n<meta property=\"article:modified_time\" content=\"2026-02-26T10:37:55+00:00\" \/>\n<meta name=\"twitter:card\" content=\"summary_large_image\" \/>\n<meta name=\"twitter:site\" content=\"@voluminica\" \/>\n<meta name=\"twitter:label1\" content=\"Estimated reading time\" \/>\n\t<meta name=\"twitter:data1\" content=\"4 minutes\" \/>\n<script type=\"application\/ld+json\" class=\"yoast-schema-graph\">{\"@context\":\"https:\/\/schema.org\",\"@graph\":[{\"@type\":\"WebPage\",\"@id\":\"https:\/\/www.voluminica.com\/estudio-de-publicidad\/\",\"url\":\"https:\/\/www.voluminica.com\/estudio-de-publicidad\/\",\"name\":\"El Estudio - Voluminica\u00ae\",\"isPartOf\":{\"@id\":\"https:\/\/www.voluminica.com\/#website\"},\"datePublished\":\"2020-11-15T12:35:55+00:00\",\"dateModified\":\"2026-02-26T10:37:55+00:00\",\"description\":\"Desarrollamos proyectos de innovaci\u00f3n para empresas innovadoras, usamos la imaginaci\u00f3n y las nuevas tecnolog\u00edas con el objetivo de lograr soluciones vanguardistas.\",\"breadcrumb\":{\"@id\":\"https:\/\/www.voluminica.com\/estudio-de-publicidad\/#breadcrumb\"},\"inLanguage\":\"en-GB\",\"potentialAction\":[{\"@type\":\"ReadAction\",\"target\":[\"https:\/\/www.voluminica.com\/estudio-de-publicidad\/\"]}]},{\"@type\":\"BreadcrumbList\",\"@id\":\"https:\/\/www.voluminica.com\/estudio-de-publicidad\/#breadcrumb\",\"itemListElement\":[{\"@type\":\"ListItem\",\"position\":1,\"name\":\"Portada\",\"item\":\"https:\/\/www.voluminica.com\/\"},{\"@type\":\"ListItem\",\"position\":2,\"name\":\"El Estudio\"}]},{\"@type\":\"WebSite\",\"@id\":\"https:\/\/www.voluminica.com\/#website\",\"url\":\"https:\/\/www.voluminica.com\/\",\"name\":\"Voluminica\u00ae\",\"description\":\"Laboratorio de arquitectura y dise\u00f1o audiovisual\",\"publisher\":{\"@id\":\"https:\/\/www.voluminica.com\/#organization\"},\"potentialAction\":[{\"@type\":\"SearchAction\",\"target\":{\"@type\":\"EntryPoint\",\"urlTemplate\":\"https:\/\/www.voluminica.com\/?s={search_term_string}\"},\"query-input\":\"required name=search_term_string\"}],\"inLanguage\":\"en-GB\"},{\"@type\":\"Organization\",\"@id\":\"https:\/\/www.voluminica.com\/#organization\",\"name\":\"Volum\u00ednica\",\"url\":\"https:\/\/www.voluminica.com\/\",\"logo\":{\"@type\":\"ImageObject\",\"inLanguage\":\"en-GB\",\"@id\":\"https:\/\/www.voluminica.com\/#\/schema\/logo\/image\/\",\"url\":\"https:\/\/www.voluminica.com\/wp-content\/uploads\/2018\/07\/LogoVoluminica4.png\",\"contentUrl\":\"https:\/\/www.voluminica.com\/wp-content\/uploads\/2018\/07\/LogoVoluminica4.png\",\"width\":600,\"height\":71,\"caption\":\"Volum\u00ednica\"},\"image\":{\"@id\":\"https:\/\/www.voluminica.com\/#\/schema\/logo\/image\/\"},\"sameAs\":[\"https:\/\/www.facebook.com\/Voluminica\/\",\"https:\/\/twitter.com\/voluminica\",\"https:\/\/www.instagram.com\/voluminica\/\",\"https:\/\/www.linkedin.com\/company\/voluminica\/\"]}]}<\/script>\n<!-- \/ Yoast SEO plugin. -->","yoast_head_json":{"title":"El Estudio - Voluminica\u00ae","description":"Desarrollamos proyectos de innovaci\u00f3n para empresas innovadoras, usamos la imaginaci\u00f3n y las nuevas tecnolog\u00edas con el objetivo de lograr soluciones vanguardistas.","robots":{"index":"index","follow":"follow","max-snippet":"max-snippet:-1","max-image-preview":"max-image-preview:large","max-video-preview":"max-video-preview:-1"},"canonical":"https:\/\/www.voluminica.com\/en\/estudio-de-publicidad\/","og_locale":"en_GB","og_type":"article","og_title":"El Estudio - Voluminica\u00ae","og_description":"Desarrollamos proyectos de innovaci\u00f3n para empresas innovadoras, usamos la imaginaci\u00f3n y las nuevas tecnolog\u00edas con el objetivo de lograr soluciones vanguardistas.","og_url":"https:\/\/www.voluminica.com\/en\/estudio-de-publicidad\/","og_site_name":"Voluminica\u00ae","article_publisher":"https:\/\/www.facebook.com\/Voluminica\/","article_modified_time":"2026-02-26T10:37:55+00:00","twitter_card":"summary_large_image","twitter_site":"@voluminica","twitter_misc":{"Estimated reading time":"4 minutes"},"schema":{"@context":"https:\/\/schema.org","@graph":[{"@type":"WebPage","@id":"https:\/\/www.voluminica.com\/estudio-de-publicidad\/","url":"https:\/\/www.voluminica.com\/estudio-de-publicidad\/","name":"El Estudio - Voluminica\u00ae","isPartOf":{"@id":"https:\/\/www.voluminica.com\/#website"},"datePublished":"2020-11-15T12:35:55+00:00","dateModified":"2026-02-26T10:37:55+00:00","description":"Desarrollamos proyectos de innovaci\u00f3n para empresas innovadoras, usamos la imaginaci\u00f3n y las nuevas tecnolog\u00edas con el objetivo de lograr soluciones vanguardistas.","breadcrumb":{"@id":"https:\/\/www.voluminica.com\/estudio-de-publicidad\/#breadcrumb"},"inLanguage":"en-GB","potentialAction":[{"@type":"ReadAction","target":["https:\/\/www.voluminica.com\/estudio-de-publicidad\/"]}]},{"@type":"BreadcrumbList","@id":"https:\/\/www.voluminica.com\/estudio-de-publicidad\/#breadcrumb","itemListElement":[{"@type":"ListItem","position":1,"name":"Portada","item":"https:\/\/www.voluminica.com\/"},{"@type":"ListItem","position":2,"name":"El Estudio"}]},{"@type":"WebSite","@id":"https:\/\/www.voluminica.com\/#website","url":"https:\/\/www.voluminica.com\/","name":"Voluminica\u00ae","description":"Laboratorio de arquitectura y dise\u00f1o audiovisual","publisher":{"@id":"https:\/\/www.voluminica.com\/#organization"},"potentialAction":[{"@type":"SearchAction","target":{"@type":"EntryPoint","urlTemplate":"https:\/\/www.voluminica.com\/?s={search_term_string}"},"query-input":"required name=search_term_string"}],"inLanguage":"en-GB"},{"@type":"Organization","@id":"https:\/\/www.voluminica.com\/#organization","name":"Volum\u00ednica","url":"https:\/\/www.voluminica.com\/","logo":{"@type":"ImageObject","inLanguage":"en-GB","@id":"https:\/\/www.voluminica.com\/#\/schema\/logo\/image\/","url":"https:\/\/www.voluminica.com\/wp-content\/uploads\/2018\/07\/LogoVoluminica4.png","contentUrl":"https:\/\/www.voluminica.com\/wp-content\/uploads\/2018\/07\/LogoVoluminica4.png","width":600,"height":71,"caption":"Volum\u00ednica"},"image":{"@id":"https:\/\/www.voluminica.com\/#\/schema\/logo\/image\/"},"sameAs":["https:\/\/www.facebook.com\/Voluminica\/","https:\/\/twitter.com\/voluminica","https:\/\/www.instagram.com\/voluminica\/","https:\/\/www.linkedin.com\/company\/voluminica\/"]}]}},"_links":{"self":[{"href":"https:\/\/www.voluminica.com\/en\/wp-json\/wp\/v2\/pages\/9382"}],"collection":[{"href":"https:\/\/www.voluminica.com\/en\/wp-json\/wp\/v2\/pages"}],"about":[{"href":"https:\/\/www.voluminica.com\/en\/wp-json\/wp\/v2\/types\/page"}],"author":[{"embeddable":true,"href":"https:\/\/www.voluminica.com\/en\/wp-json\/wp\/v2\/users\/1"}],"replies":[{"embeddable":true,"href":"https:\/\/www.voluminica.com\/en\/wp-json\/wp\/v2\/comments?post=9382"}],"version-history":[{"count":39,"href":"https:\/\/www.voluminica.com\/en\/wp-json\/wp\/v2\/pages\/9382\/revisions"}],"predecessor-version":[{"id":10081,"href":"https:\/\/www.voluminica.com\/en\/wp-json\/wp\/v2\/pages\/9382\/revisions\/10081"}],"wp:attachment":[{"href":"https:\/\/www.voluminica.com\/en\/wp-json\/wp\/v2\/media?parent=9382"}],"curies":[{"name":"wp","href":"https:\/\/api.w.org\/{rel}","templated":true}]}}